{"id":1377,"date":"2011-01-09T10:26:24","date_gmt":"2011-01-09T09:26:24","guid":{"rendered":"http:\/\/thomas.is-ac.de\/blog\/?page_id=1377"},"modified":"2014-03-12T19:59:58","modified_gmt":"2014-03-12T18:59:58","slug":"br-86-86-457-fleischmann-7086","status":"publish","type":"page","link":"http:\/\/familie-gerding.net\/?page_id=1377","title":{"rendered":"BR 86 (86 457) &#8211; Fleischmann 7086"},"content":{"rendered":"<div align=\"center\">\n<a href=\"http:\/\/familie-gerding.net\/pictures\/mbbau_107_norm.jpg\"><img decoding=\"async\" src=\"http:\/\/familie-gerding.net\/pictures\/mbbau_107_th.jpg\"\/><\/a> <a href=\"http:\/\/familie-gerding.net\/pictures\/mbbau_102_norm.jpg\"><img decoding=\"async\" src=\"http:\/\/familie-gerding.net\/pictures\/mbbau_102_th.jpg\"\/><\/a>\n<\/div>\n<p><strong>Vorbild:<\/strong><br \/>\nDie Baureihe 86 war eine Einheits-Tenderlokomotive f\u00fcr den Dienst auf Nebenstrecken. Haupts\u00e4chlich wurde sie auf Mittelgebirgsstrecken eingesetzt. Insgesamt wurden 775 Exemplare der Baureihe 86 gebaut. Das Vorbild f\u00fcr das Modell von Fleischmann &#8211; die 86 457 &#8211; geh\u00f6rt dem Museum der Deutschen Bahn. Leider brannte sie w\u00e4hrend des verheerenden Lokschuppen-Brandes 2005 aus. Derzeit steht die Lok als langfristige Leihgabe im Eisenbahnmuseum in Heilbronn, wo sie zusammen mit 23 105 (zumindest optisch) wieder aufbereitet wird.<\/p>\n<p><strong>Das Modell:<\/strong><br \/>\n Die Fleischmann 86 457 (Artikelnummer 7086) wurde von 1993 bis 2000 gefertigt. Mein Modell muss irgendwann zwischen 1996 (Einf\u00fchrung der br\u00fcnierten R\u00e4der) und 2001 (\u00c4nderung der Beschriftung) gefertigt worden sein. Es ist sehr detailliert und hat gute Fahreigenschaften. Der Motor ist leise, die Stromabnahme ist gut. Das Modell l\u00e4sst sich mit der vorliegenden Beschriftung in Epoche III einordnen.<\/p>\n<p><strong>Quellen:<\/strong><br \/>\n<a href=\"http:\/\/www.spurweite-n.de\">http:\/\/www.spurweite-n.de<\/a><br \/>\n<a href=\"http:\/\/de.wikipedia.org\/wiki\/DRG-Baureihe_86\">http:\/\/de.wikipedia.org\/wiki\/DRG-Baureihe_86<\/a><\/p>\n","protected":false},"excerpt":{"rendered":"<p>Vorbild: Die Baureihe 86 war eine Einheits-Tenderlokomotive f\u00fcr den Dienst auf Nebenstrecken. Haupts\u00e4chlich wurde sie auf Mittelgebirgsstrecken eingesetzt. Insgesamt wurden 775 Exemplare der Baureihe 86 gebaut. Das Vorbild f\u00fcr das Modell von Fleischmann &#8211; die 86 457 &#8211; geh\u00f6rt dem Museum der Deutschen Bahn. Leider brannte sie w\u00e4hrend des verheerenden Lokschuppen-Brandes 2005 aus. Derzeit steht [&hellip;]<\/p>\n","protected":false},"author":1,"featured_media":0,"parent":2001,"menu_order":0,"comment_status":"open","ping_status":"open","template":"","meta":[],"_links":{"self":[{"href":"http:\/\/familie-gerding.net\/index.php?rest_route=\/wp\/v2\/pages\/1377"}],"collection":[{"href":"http:\/\/familie-gerding.net\/index.php?rest_route=\/wp\/v2\/pages"}],"about":[{"href":"http:\/\/familie-gerding.net\/index.php?rest_route=\/wp\/v2\/types\/page"}],"author":[{"embeddable":true,"href":"http:\/\/familie-gerding.net\/index.php?rest_route=\/wp\/v2\/users\/1"}],"replies":[{"embeddable":true,"href":"http:\/\/familie-gerding.net\/index.php?rest_route=%2Fwp%2Fv2%2Fcomments&post=1377"}],"version-history":[{"count":7,"href":"http:\/\/familie-gerding.net\/index.php?rest_route=\/wp\/v2\/pages\/1377\/revisions"}],"predecessor-version":[{"id":1452,"href":"http:\/\/familie-gerding.net\/index.php?rest_route=\/wp\/v2\/pages\/1377\/revisions\/1452"}],"up":[{"embeddable":true,"href":"http:\/\/familie-gerding.net\/index.php?rest_route=\/wp\/v2\/pages\/2001"}],"wp:attachment":[{"href":"http:\/\/familie-gerding.net\/index.php?rest_route=%2Fwp%2Fv2%2Fmedia&parent=1377"}],"curies":[{"name":"wp","href":"https:\/\/api.w.org\/{rel}","templated":true}]}}