{"id":1383,"date":"2011-01-09T10:26:17","date_gmt":"2011-01-09T09:26:17","guid":{"rendered":"http:\/\/thomas.is-ac.de\/blog\/?page_id=1383"},"modified":"2017-01-14T20:19:01","modified_gmt":"2017-01-14T20:19:01","slug":"br-39-39-068-fleischmann-7135","status":"publish","type":"page","link":"http:\/\/familie-gerding.net\/?page_id=1383","title":{"rendered":"BR 39 (39 068) &#8211; Fleischmann 7135"},"content":{"rendered":"<div align=\"center\">\n<a href=\"http:\/\/familie-gerding.net\/pictures\/mbbau_88_norm.jpg\"><img decoding=\"async\" src=\"http:\/\/familie-gerding.net\/pictures\/mbbau_88_th.jpg\"\/><\/a> <a href=\"http:\/\/familie-gerding.net\/pictures\/mbbau_91_norm.jpg\"><img decoding=\"async\" src=\"http:\/\/familie-gerding.net\/pictures\/mbbau_91_th.jpg\"\/><\/a><\/p>\n<p><a href=\"http:\/\/familie-gerding.net\/pictures\/l_2_norm.jpg\"><img decoding=\"async\" src=\"http:\/\/familie-gerding.net\/pictures\/l_2_th.jpg\"\/><\/a>\n<\/div>\n<p><strong>Vorbild:<\/strong><br \/>\nDie Baureihe 39 wurde urspr\u00fcnglich als preu\u00dfische P10 in Auftrag gegeben und gebaut. Es war die letzte f\u00fcr Preu\u00dfen entwickelte Schnellzulokomotive. Es handelte sich um eine schwere Schnellzuglokomotive (Schlepptender) f\u00fcr das Mittelgebirge. Bei der Deutschen Reichsbahn wurden die Lokomotiven unter der Baureihe 39 (39.0) gef\u00fchrt. Insgesamt wurden bis 1927 270 Exemplare dieser Maschine gebaut. Das konkrete Vorbild f\u00fcr das vorliegende Modell wurde 1958 z-gestellt.<\/p>\n<p><strong>Das Modell:<\/strong><br \/>\nDas Modell der 39 068 (Fleischmann Artikelnummer 7135) basiert auf einem Modell aus dem Jahr 1984, wurde jedoch 2004 noch einmal grundlegend \u00fcberarbeitet. Sowohl R\u00e4der, als auch Treibstangen sind br\u00fcniert. Die Detaillierung ist super und die Laufeigenschaften ebenfalls. Schon bei sehr geringer Spannung f\u00e4hrt die Lok im Analogbetrieb weich an und l\u00e4sst sich auch ebenso stoppen. Der Motorlauf ist dabei sehr leise. Insgesamt ein tolles Modell.<\/p>\n<p><strong>Quellen:<\/strong><br \/>\n<a href=\"http:\/\/www.spurweite-n.de\">http:\/\/www.spurweite-n.de<\/a><br \/>\n<a href=\"http:\/\/de.wikipedia.org\/wiki\/Preu%C3%9Fische_P_10\">http:\/\/de.wikipedia.org\/wiki\/Preu%C3%9Fische_P_10<\/a><\/p>\n","protected":false},"excerpt":{"rendered":"<p>Vorbild: Die Baureihe 39 wurde urspr\u00fcnglich als preu\u00dfische P10 in Auftrag gegeben und gebaut. Es war die letzte f\u00fcr Preu\u00dfen entwickelte Schnellzulokomotive. Es handelte sich um eine schwere Schnellzuglokomotive (Schlepptender) f\u00fcr das Mittelgebirge. Bei der Deutschen Reichsbahn wurden die Lokomotiven unter der Baureihe 39 (39.0) gef\u00fchrt. Insgesamt wurden bis 1927 270 Exemplare dieser Maschine gebaut. [&hellip;]<\/p>\n","protected":false},"author":1,"featured_media":0,"parent":2001,"menu_order":0,"comment_status":"open","ping_status":"open","template":"","meta":[],"_links":{"self":[{"href":"http:\/\/familie-gerding.net\/index.php?rest_route=\/wp\/v2\/pages\/1383"}],"collection":[{"href":"http:\/\/familie-gerding.net\/index.php?rest_route=\/wp\/v2\/pages"}],"about":[{"href":"http:\/\/familie-gerding.net\/index.php?rest_route=\/wp\/v2\/types\/page"}],"author":[{"embeddable":true,"href":"http:\/\/familie-gerding.net\/index.php?rest_route=\/wp\/v2\/users\/1"}],"replies":[{"embeddable":true,"href":"http:\/\/familie-gerding.net\/index.php?rest_route=%2Fwp%2Fv2%2Fcomments&post=1383"}],"version-history":[{"count":6,"href":"http:\/\/familie-gerding.net\/index.php?rest_route=\/wp\/v2\/pages\/1383\/revisions"}],"predecessor-version":[{"id":2003,"href":"http:\/\/familie-gerding.net\/index.php?rest_route=\/wp\/v2\/pages\/1383\/revisions\/2003"}],"up":[{"embeddable":true,"href":"http:\/\/familie-gerding.net\/index.php?rest_route=\/wp\/v2\/pages\/2001"}],"wp:attachment":[{"href":"http:\/\/familie-gerding.net\/index.php?rest_route=%2Fwp%2Fv2%2Fmedia&parent=1383"}],"curies":[{"name":"wp","href":"https:\/\/api.w.org\/{rel}","templated":true}]}}