{"id":1394,"date":"2011-01-09T10:43:48","date_gmt":"2011-01-09T09:43:48","guid":{"rendered":"http:\/\/thomas.is-ac.de\/blog\/?page_id=1394"},"modified":"2014-03-12T19:59:17","modified_gmt":"2014-03-12T18:59:17","slug":"br-78-78-510-fleischmann-7077","status":"publish","type":"page","link":"http:\/\/familie-gerding.net\/?page_id=1394","title":{"rendered":"BR 78 (78 510) &#8211; Fleischmann 7077"},"content":{"rendered":"<div align=\"center\">\n<a href=\"http:\/\/familie-gerding.net\/pictures\/l_4_norm.jpg\"><img decoding=\"async\" src=\"http:\/\/familie-gerding.net\/pictures\/l_4_th.jpg\"\/><\/a>\n<\/div>\n<p><strong>Vorbild:<\/strong><br \/>\nDie Baureihe 78 wurde urspr\u00fcnglich als T18 in Preu\u00dfen entwickelt. Sie sollte haupts\u00e4chlich Schnell- und Personenz\u00fcge auf kurzen Strecken transportieren. Bei ihrer Entwicklung wurde Wert darauf gelegt, dass sie Vor- und R\u00fcckw\u00e4rts gleich schnell fahren sollte, damit man sie sowohl im Zug-, als auch im Schubbetrieb gleichwertig einsetzen konnte. Es wurden insgesamt 534 Maschinen gebaut, die sp\u00e4ter von der Deutschen Reichsbahn \u00fcberall eingesetzt werden sollten. Unter anderem wurden 78er auch in meiner Heimat &#8211; beim sogenannten <a href=\"http:\/\/de.wikipedia.org\/wiki\/Bahnstrecke_Wuppertal-Oberbarmen%E2%80%93Opladen\">Balkan-Express<\/a> &#8211; eingesetzt. Das Vorbild f\u00fcr das vorliegende Modell war die 78 510, die 1967 au\u00dfer Dienst gestellt wurde und noch erhalten ist. Die Lok geh\u00f6rt dem DB Museum in N\u00fcrnberg.<\/p>\n<p><strong>Das Modell:<\/strong><br \/>\nDas Modell von Fleischmann (Artikelnummer 7077) ist zeigt feine Details. Es erschien erstmalig 1991 und zeigt die 78 510 in Epoche III. Das Fahrverhalten ist gut und auch auf Weichenstra\u00dfen unproblematisch. Mein Modell ist im unteren Spannungsbereich etwas &#8222;knurrig&#8220;, bei gen\u00fcgend hoher Spannung l\u00e4uft es dann aber glatt. Die Stromaufnahme ist gut und auch die Zugkraft ist f\u00fcr eine solche Nebenbahn-Lok ausreichend.<\/p>\n<p><strong>Quellen:<\/strong><br \/>\n<a href=\"http:\/\/www.spurweite-n.de\">http:\/\/www.spurweite-n.de<\/a><br \/>\n<a href=\"http:\/\/de.wikipedia.org\/wiki\/Preu%C3%9Fische_T_18\">http:\/\/de.wikipedia.org\/wiki\/Preu%C3%9Fische_T_18<\/a><br \/>\n<a href=\"http:\/\/de.wikipedia.org\/wiki\/Bahnstrecke_Wuppertal-Oberbarmen%E2%80%93Opladen\">http:\/\/de.wikipedia.org\/wiki\/Bahnstrecke_Wuppertal-Oberbarmen%E2%80%93Opladen<\/a><\/p>\n","protected":false},"excerpt":{"rendered":"<p>Vorbild: Die Baureihe 78 wurde urspr\u00fcnglich als T18 in Preu\u00dfen entwickelt. Sie sollte haupts\u00e4chlich Schnell- und Personenz\u00fcge auf kurzen Strecken transportieren. Bei ihrer Entwicklung wurde Wert darauf gelegt, dass sie Vor- und R\u00fcckw\u00e4rts gleich schnell fahren sollte, damit man sie sowohl im Zug-, als auch im Schubbetrieb gleichwertig einsetzen konnte. Es wurden insgesamt 534 Maschinen [&hellip;]<\/p>\n","protected":false},"author":1,"featured_media":0,"parent":2001,"menu_order":0,"comment_status":"open","ping_status":"open","template":"","meta":[],"_links":{"self":[{"href":"http:\/\/familie-gerding.net\/index.php?rest_route=\/wp\/v2\/pages\/1394"}],"collection":[{"href":"http:\/\/familie-gerding.net\/index.php?rest_route=\/wp\/v2\/pages"}],"about":[{"href":"http:\/\/familie-gerding.net\/index.php?rest_route=\/wp\/v2\/types\/page"}],"author":[{"embeddable":true,"href":"http:\/\/familie-gerding.net\/index.php?rest_route=\/wp\/v2\/users\/1"}],"replies":[{"embeddable":true,"href":"http:\/\/familie-gerding.net\/index.php?rest_route=%2Fwp%2Fv2%2Fcomments&post=1394"}],"version-history":[{"count":3,"href":"http:\/\/familie-gerding.net\/index.php?rest_route=\/wp\/v2\/pages\/1394\/revisions"}],"predecessor-version":[{"id":1398,"href":"http:\/\/familie-gerding.net\/index.php?rest_route=\/wp\/v2\/pages\/1394\/revisions\/1398"}],"up":[{"embeddable":true,"href":"http:\/\/familie-gerding.net\/index.php?rest_route=\/wp\/v2\/pages\/2001"}],"wp:attachment":[{"href":"http:\/\/familie-gerding.net\/index.php?rest_route=%2Fwp%2Fv2%2Fmedia&parent=1394"}],"curies":[{"name":"wp","href":"https:\/\/api.w.org\/{rel}","templated":true}]}}