{"id":1405,"date":"2011-01-09T13:31:53","date_gmt":"2011-01-09T12:31:53","guid":{"rendered":"http:\/\/thomas.is-ac.de\/blog\/?page_id=1405"},"modified":"2014-03-12T19:57:30","modified_gmt":"2014-03-12T18:57:30","slug":"br-24-24-047-fleischmann-7141","status":"publish","type":"page","link":"http:\/\/familie-gerding.net\/?page_id=1405","title":{"rendered":"BR 24 (24 047) &#8211; Fleischmann 7141"},"content":{"rendered":"<div align=\"center\">\n<a href=\"http:\/\/familie-gerding.net\/pictures\/mbbau_109_norm.jpg\"><img decoding=\"async\" src=\"http:\/\/familie-gerding.net\/pictures\/mbbau_109_th.jpg\"\/><\/a> <a href=\"http:\/\/familie-gerding.net\/pictures\/mbbau_108_norm.jpg\"><img decoding=\"async\" src=\"http:\/\/familie-gerding.net\/pictures\/mbbau_108_th.jpg\"\/><\/a>\n<\/div>\n<p><strong>Vorbild:<\/strong><br \/>\nDie Baureihe 24 war eine Einheitspersonenzulokomotive der Deutschen Reichsbahn. Sie war speziell f\u00fcr Nebenbahnen entwickelt worden und zwischen 1928 und 1939 wurden insgesamt 95 Lokomotiven dieser Baureihe gefertigt. Die kleine Schlepptender-Lokomotive tr\u00e4gt auch den Spitznamen &#8222;Steppenpferd&#8220;. Derzeit sind noch vier Loks dieses Typs \u00fcbrig geblieben, von denen 3 in Deutschland und eine Lok in Polen eine Heimat gefunden hat.  <\/p>\n<p><strong>Das Modell:<\/strong><br \/>\nDie 24 047 (Fleischmann Artikelnummer 7141) ist ein super detailliertes Modell (im Jahr 2003 neu erschienen) mit tollen Laufeigenschaften, speziell auch bei niedrigen Geschwindigkeiten. Der Antrieb ist im relativ kleinen Tender &#8222;versteckt&#8220; (wie es bei Fleischmann Schlepptenderloks \u00fcblich ist). Die R\u00e4der und Treibstangen sind br\u00fcniert und so ergibt sich ein wirklich sch\u00f6nes Gesamtbild. Leider passt die Lok streng genommen nicht richtig in mein Anlagenkonzept, denn die vorliegende Version geh\u00f6rt in Epoche II. Aber zum Gl\u00fcck ist ja erlaubt was gef\u00e4llt \ud83d\ude42 Die 24er ist in jedem Falle eine Empfehlung wert!<\/p>\n<p><strong>Quellen:<\/strong><br \/>\n<a href=\"http:\/\/www.spurweite-n.de\">http:\/\/www.spurweite-n.de<\/a><br \/>\n<a href=\"http:\/\/de.wikipedia.org\/wiki\/Baureihe_24\">http:\/\/de.wikipedia.org\/wiki\/Baureihe_24<\/a><\/p>\n","protected":false},"excerpt":{"rendered":"<p>Vorbild: Die Baureihe 24 war eine Einheitspersonenzulokomotive der Deutschen Reichsbahn. Sie war speziell f\u00fcr Nebenbahnen entwickelt worden und zwischen 1928 und 1939 wurden insgesamt 95 Lokomotiven dieser Baureihe gefertigt. Die kleine Schlepptender-Lokomotive tr\u00e4gt auch den Spitznamen &#8222;Steppenpferd&#8220;. Derzeit sind noch vier Loks dieses Typs \u00fcbrig geblieben, von denen 3 in Deutschland und eine Lok in [&hellip;]<\/p>\n","protected":false},"author":1,"featured_media":0,"parent":2001,"menu_order":0,"comment_status":"open","ping_status":"open","template":"","meta":[],"_links":{"self":[{"href":"http:\/\/familie-gerding.net\/index.php?rest_route=\/wp\/v2\/pages\/1405"}],"collection":[{"href":"http:\/\/familie-gerding.net\/index.php?rest_route=\/wp\/v2\/pages"}],"about":[{"href":"http:\/\/familie-gerding.net\/index.php?rest_route=\/wp\/v2\/types\/page"}],"author":[{"embeddable":true,"href":"http:\/\/familie-gerding.net\/index.php?rest_route=\/wp\/v2\/users\/1"}],"replies":[{"embeddable":true,"href":"http:\/\/familie-gerding.net\/index.php?rest_route=%2Fwp%2Fv2%2Fcomments&post=1405"}],"version-history":[{"count":6,"href":"http:\/\/familie-gerding.net\/index.php?rest_route=\/wp\/v2\/pages\/1405\/revisions"}],"predecessor-version":[{"id":1446,"href":"http:\/\/familie-gerding.net\/index.php?rest_route=\/wp\/v2\/pages\/1405\/revisions\/1446"}],"up":[{"embeddable":true,"href":"http:\/\/familie-gerding.net\/index.php?rest_route=\/wp\/v2\/pages\/2001"}],"wp:attachment":[{"href":"http:\/\/familie-gerding.net\/index.php?rest_route=%2Fwp%2Fv2%2Fmedia&parent=1405"}],"curies":[{"name":"wp","href":"https:\/\/api.w.org\/{rel}","templated":true}]}}