{"id":2001,"date":"2014-03-12T19:56:56","date_gmt":"2014-03-12T18:56:56","guid":{"rendered":"http:\/\/thomas.is-ac.de\/blog\/?page_id=2001"},"modified":"2020-11-12T10:17:18","modified_gmt":"2020-11-12T10:17:18","slug":"rollendes-material","status":"publish","type":"page","link":"http:\/\/familie-gerding.net\/?page_id=2001","title":{"rendered":"Rollendes Material"},"content":{"rendered":"<p>Nach und nach hat sich einiges an rollendem Material angesammelt. Das meiste ist aus den Epochen III und IV &#8211; da mein Hauptaugenmerk doch auf den Dampfloks liegt. F\u00fcr die verschiedenen Modelle habe ich kurze \u00dcbersichtsseiten erstellt, die auch kurz auf das Vorbild der Modelle eingehen. Die Loks sind dabei bisher in den meisten F\u00e4llen g\u00fcnstige Gebrauchtk\u00e4ufe, die ich haupts\u00e4chlich \u00fcber die Kleinanzeigen im 1zu160.net Forum get\u00e4tigt habe. Die aktuellen Preise im Modellbahnbereich lassen ja leider kaum Neuk\u00e4ufe zu. Derzeitiger Spitzenreiter ist eine Modellbahnfirma, die f\u00fcr einen einfachen G\u00fcterwaggon fast 65\u20ac haben m\u00f6chte&#8230; wohlgemerkt einen Waggon ohne besondere Funktionen (also keine digital steuerbaren T\u00fcren o.\u00e4.)!<\/p>\n<p><strong>Modelle:<\/strong><br \/>\n<a href=\"http:\/\/familie-gerding.net\/?page_id=1388\" target=\"_blank\" rel=\"noopener noreferrer\">VT 98 &#8211; Minitrix 51 2980 00<\/a><br \/>\n<a href=\"http:\/\/familie-gerding.net\/?page_id=1542\" target=\"_blank\" rel=\"noopener noreferrer\">BR 01.10 (011 066-8) &#8211; Fleischmann 7170<\/a><br \/>\n<a href=\"http:\/\/familie-gerding.net\/?page_id=1405\" target=\"_blank\" rel=\"noopener noreferrer\">BR 24 (24 047) &#8211; Fleischmann 7141<\/a><br \/>\n<a href=\"http:\/\/familie-gerding.net\/?page_id=1383\" target=\"_blank\" rel=\"noopener noreferrer\">BR 39 (39 068) &#8211; Fleischmann 7135<\/a><br \/>\n<a href=\"http:\/\/familie-gerding.net\/?page_id=1408\" target=\"_blank\" rel=\"noopener noreferrer\">BR 41 (41 222) &#8211; Minitrix 12001<\/a><br \/>\n<a href=\"http:\/\/familie-gerding.net\/?page_id=1529\" target=\"_blank\" rel=\"noopener noreferrer\">BR 41 \u00d6l (042 095-0) &#8211; Minitrix 12576<\/a><br \/>\n<a href=\"http:\/\/familie-gerding.net\/?page_id=1401\" target=\"_blank\" rel=\"noopener noreferrer\">BR 50 &#8211; Fleischmann 7175, 7180, 7181, 7184<\/a><br \/>\n<a href=\"http:\/\/familie-gerding.net\/?page_id=1460\" target=\"_blank\" rel=\"noopener noreferrer\">BR 62 (62 010) &#8211; Fleischmann 7053<\/a><br \/>\n<a href=\"http:\/\/familie-gerding.net\/?page_id=1500\" target=\"_blank\" rel=\"noopener noreferrer\">BR 64 (064 446-8) &#8211; Fleischmann 7064<\/a><br \/>\n<a href=\"http:\/\/familie-gerding.net\/?page_id=1394\" target=\"_blank\" rel=\"noopener noreferrer\">BR 78 (78 510) &#8211; Fleischmann 7077<\/a><br \/>\n<a href=\"http:\/\/familie-gerding.net\/?page_id=1435\" target=\"_blank\" rel=\"noopener noreferrer\">BR 80 (80 030) &#8211; Fleischmann 7025<\/a><br \/>\n<a href=\"http:\/\/familie-gerding.net\/?page_id=1377\" target=\"_blank\" rel=\"noopener noreferrer\">BR 86 (86 457) &#8211; Fleischmann 7086<\/a><br \/>\n<a href=\"http:\/\/familie-gerding.net\/?page_id=1422\" target=\"_blank\" rel=\"noopener noreferrer\">BR 98.8 (98 811) &#8211; Fleischmann 7098<\/a><\/p>\n","protected":false},"excerpt":{"rendered":"<p>Nach und nach hat sich einiges an rollendem Material angesammelt. Das meiste ist aus den Epochen III und IV &#8211; da mein Hauptaugenmerk doch auf den Dampfloks liegt. F\u00fcr die verschiedenen Modelle habe ich kurze \u00dcbersichtsseiten erstellt, die auch kurz auf das Vorbild der Modelle eingehen. Die Loks sind dabei bisher in den meisten F\u00e4llen [&hellip;]<\/p>\n","protected":false},"author":1,"featured_media":0,"parent":528,"menu_order":0,"comment_status":"open","ping_status":"open","template":"","meta":[],"_links":{"self":[{"href":"http:\/\/familie-gerding.net\/index.php?rest_route=\/wp\/v2\/pages\/2001"}],"collection":[{"href":"http:\/\/familie-gerding.net\/index.php?rest_route=\/wp\/v2\/pages"}],"about":[{"href":"http:\/\/familie-gerding.net\/index.php?rest_route=\/wp\/v2\/types\/page"}],"author":[{"embeddable":true,"href":"http:\/\/familie-gerding.net\/index.php?rest_route=\/wp\/v2\/users\/1"}],"replies":[{"embeddable":true,"href":"http:\/\/familie-gerding.net\/index.php?rest_route=%2Fwp%2Fv2%2Fcomments&post=2001"}],"version-history":[{"count":4,"href":"http:\/\/familie-gerding.net\/index.php?rest_route=\/wp\/v2\/pages\/2001\/revisions"}],"predecessor-version":[{"id":2163,"href":"http:\/\/familie-gerding.net\/index.php?rest_route=\/wp\/v2\/pages\/2001\/revisions\/2163"}],"up":[{"embeddable":true,"href":"http:\/\/familie-gerding.net\/index.php?rest_route=\/wp\/v2\/pages\/528"}],"wp:attachment":[{"href":"http:\/\/familie-gerding.net\/index.php?rest_route=%2Fwp%2Fv2%2Fmedia&parent=2001"}],"curies":[{"name":"wp","href":"https:\/\/api.w.org\/{rel}","templated":true}]}}