{"id":2009,"date":"2014-03-13T12:28:50","date_gmt":"2014-03-13T11:28:50","guid":{"rendered":"http:\/\/thomas.is-ac.de\/blog\/?page_id=2009"},"modified":"2020-11-12T10:15:11","modified_gmt":"2020-11-12T10:15:11","slug":"bauberichte","status":"publish","type":"page","link":"http:\/\/familie-gerding.net\/?page_id=2009","title":{"rendered":"Bauberichte"},"content":{"rendered":"<p>Eine meiner Freizeitbesch\u00e4ftigungen ist der Modellbau, genauer gesagt die Modellbahn. Zur Zeit baue ich an einer neuen Anlage in Spur N (Ma\u00dfstab 1:160) und berichte dabei nat\u00fcrlich regelm\u00e4\u00dfig \u00fcber meine Fortschritte hier im Blog (in Wort und Bild, versteht sich). Auf dieser Seite sammle ich deshalb verschiedenen Beitr\u00e4ge, damit man sich leichter von Teil zu Teil klicken kann.<\/p>\n<p>Die Anlage ist &#8211; auf Grund des geringen Platzes &#8211; starken Reglementierungen unterworfen. Aus diesem Grunde muss sie mit nur 140x80cm Platz auskommen und sollte m\u00f6glichst auch noch transportabel sein. Der Plan nach dem ich inzwischen baue (entgegen des &#8222;alten Plans&#8220; aus dem unten verlinken Teil 1 des Berichts) sieht folgenderma\u00dfen aus:<\/p>\n<div align=\"center\"><a href=\"http:\/\/familie-gerding.net\/pictures\/mbbau_plan_norm.jpg\"><img decoding=\"async\" src=\"http:\/\/familie-gerding.net\/pictures\/mbbau_plan_th.jpg\" alt=\"\" \/><\/a><br \/><a href=\"http:\/\/familie-gerding.net\/pictures\/mbbau_plan_big.jpg\" target=\"_blank\" rel=\"noopener noreferrer\">Der Plan in 1600px Breite<\/a>\n<p>\u00a0<\/p>\n<\/div>\n<p>Es handelt sich also (vorerst) um eine Point-to-Point Anlage, mit eingebauter &#8222;Dauerfahrrunde&#8220;. Der Kopfbahnhof im h\u00f6her gelegenen Tomsdorf wird \u00fcber eine recht ordentliche Steigungsstrecke von Helenenstadt aus erreicht. Die eingleisige Nebenstrecke existierte Hochzeit der Bahn, als es sowohl Dampf- als auch Dieselloks gab&#8230; eine Mischung aus Epoche III und IV.<\/p>\n<p>Nach dem Abschluss dieser Anlage habe ich damit begonnen sie mit Modulen zu erweitern. Dies hatte unterschiedliche Gr\u00fcnde: einerseits liegt f\u00fcr mich der Spa\u00df nat\u00fcrlich im Bauen&#8230; und man wird auch immer besser darin, also will man immer wieder neue Dinge versuchen, andererseits wollte ich einfach mehr Fahrstrecke haben und war z.T. mit den Ergebnissen der Anlage auch nicht mehr soo zufrieden. Deshalb habe ich ich also mit den Modulen angefangen. Den Fortschritt kann man hier etwa ab Bericht Nr. 28 sehen.<\/p>\n<p>Ich habe bereits 2009 mit dem Bau der Anlage begonnen und er zieht sich hin, denn nat\u00fcrlich gibt es viele andere Dinge im Leben, die ebenfalls viel Zeit brauchen. Aber eine solche Bahn l\u00e4uft ja nicht weg. Und deshalb beschreibe ich hier Schritt f\u00fcr Schritt mein Vorankommen w\u00e4hrend des Baus:<\/p>\n<p><strong>Berichte:<\/strong><br \/><a href=\"http:\/\/familie-gerding.net\/?p=506\" target=\"_blank\" rel=\"noopener noreferrer\">Modellbahn &#8211; Teil 1 &#8211; Planung<\/a><br \/><a href=\"http:\/\/familie-gerding.net\/?p=511\" target=\"_blank\" rel=\"noopener noreferrer\">Modellbahn &#8211; Teil 2 &#8211; Baubeginn<\/a><br \/><a href=\"http:\/\/familie-gerding.net\/?p=514\" target=\"_blank\" rel=\"noopener noreferrer\">Modellbahn &#8211; Teil 3 &#8211; Geb\u00e4ude altern<\/a><br \/><a href=\"http:\/\/familie-gerding.net\/?p=517\" target=\"_blank\" rel=\"noopener noreferrer\">Modellbahn &#8211; Teil 4 &#8211; Verzweifeln<\/a><br \/><a href=\"http:\/\/familie-gerding.net\/?p=531\" target=\"_blank\" rel=\"noopener noreferrer\">Modellbahn &#8211; Teil 5 &#8211; Gleisbau<\/a><br \/><a href=\"http:\/\/familie-gerding.net\/?p=541\" target=\"_blank\" rel=\"noopener noreferrer\">Modellbahn &#8211; Teil 6 &#8211; Stellpult (1)<\/a><br \/><a href=\"http:\/\/familie-gerding.net\/?p=546\" target=\"_blank\" rel=\"noopener noreferrer\">Modellbahn &#8211; Teil 7 &#8211; Stellpult (2)<\/a><br \/><a href=\"http:\/\/familie-gerding.net\/?p=559\" target=\"_blank\" rel=\"noopener noreferrer\">Modellbahn &#8211; Teil 8 &#8211; Schotter und Rost<\/a><br \/><a href=\"http:\/\/familie-gerding.net\/?p=568\" target=\"_blank\" rel=\"noopener noreferrer\">Modellbahn &#8211; Teil 9 &#8211; Erste Probefahrten<\/a><br \/><a href=\"http:\/\/familie-gerding.net\/?p=576\" target=\"_blank\" rel=\"noopener noreferrer\">Modellbahn &#8211; Teil 10 &#8211; Stellprobe (1)<\/a><br \/><a href=\"http:\/\/familie-gerding.net\/?p=587\" target=\"_blank\" rel=\"noopener noreferrer\">Modellbahn &#8211; Teil 11 &#8211; Der obere Bahnhof (und BW)<\/a><br \/><a href=\"http:\/\/familie-gerding.net\/?p=599\" target=\"_blank\" rel=\"noopener noreferrer\">Modellbahn &#8211; Teil 12 &#8211; Ladegut selbst gemacht<\/a><br \/><a href=\"http:\/\/familie-gerding.net\/?p=603\" target=\"_blank\" rel=\"noopener noreferrer\">Modellbahn &#8211; Teil 13 &#8211; Oberer Bahnhof wird geschottert<\/a><br \/><a href=\"http:\/\/familie-gerding.net\/?p=1346\" target=\"_blank\" rel=\"noopener noreferrer\">Modellbahn &#8211; Teil 14 &#8211; Erneute Bauaufnahme<\/a><br \/><a href=\"http:\/\/familie-gerding.net\/?p=1350\" target=\"_blank\" rel=\"noopener noreferrer\">Modellbahn \u2013 Teil 15 \u2013 Einfriedung und Landschaftsbau<\/a><br \/><a href=\"http:\/\/familie-gerding.net\/?p=1360\" target=\"_blank&quot;\" rel=\"noopener noreferrer\">Modellbahn &#8211; Teil 17 &#8211; lustiges Weiterschottern<\/a><br \/><a href=\"http:\/\/familie-gerding.net\/?p=1362\" target=\"_blank\" rel=\"noopener noreferrer\">Modellbahn &#8211; Teil 18 &#8211; Bahnhof Helenenstadt entsteht<\/a><br \/><a href=\"http:\/\/familie-gerding.net\/?p=1411\" target=\"_blank\" rel=\"noopener noreferrer\">Modellbahn &#8211; Teil 19 &#8211; Schilder- und Hausbau<\/a><br \/><a href=\"http:\/\/familie-gerding.net\/?p=1413\" target=\"_blank\" rel=\"noopener noreferrer\">Modellbahn &#8211; Teil 20 &#8211; Landschaftsbau und Licht<\/a><br \/><a href=\"http:\/\/familie-gerding.net\/?p=1425\" target=\"_blank\" rel=\"noopener noreferrer\">Modellbahn &#8211; Teil 21 &#8211; Bahn\u00fcbergang mit einfachsten Mitteln<\/a><br \/><a href=\"http:\/\/familie-gerding.net\/?p=1427\" target=\"_blank\" rel=\"noopener noreferrer\">Modellbahn &#8211; Teil 22 &#8211; Felsen bemalen und andere Details<\/a><br \/><a href=\"http:\/\/familie-gerding.net\/?p=1439\" target=\"_blank\" rel=\"noopener noreferrer\">Modellbahn &#8211; Teil 23 &#8211; DIY Verkehrsschilder und Strommasten<\/a><br \/><a href=\"http:\/\/familie-gerding.net\/?p=1455\" target=\"_blank\" rel=\"noopener noreferrer\">Modellbahn &#8211; Teil 24 &#8211; Begr\u00fcnung (speziell B\u00e4ume)<\/a><br \/><a href=\"http:\/\/familie-gerding.net\/?p=1474\" target=\"_blank\" rel=\"noopener noreferrer\">Modellbahn &#8211; Teil 25 &#8211; Begr\u00fcnung geht weiter<\/a><br \/><a href=\"http:\/\/familie-gerding.net\/?p=1505\" target=\"_blank\" rel=\"noopener noreferrer\">Modellbahn &#8211; Teil 26 &#8211; Das richtige Fahrpult\/der richtige Fahrregler<\/a><br \/><a href=\"http:\/\/familie-gerding.net\/?p=1546\" target=\"_blank\" rel=\"noopener noreferrer\">Modellbahn &#8211; Teil 27 &#8211; Fahrbetrieb<\/a><br \/><a href=\"http:\/\/familie-gerding.net\/?p=1855\" target=\"_blank\" rel=\"noopener noreferrer\">Modellbahn &#8211; Teil 28 &#8211; Erweiterungsmodul startet durch<\/a><br \/><a href=\"http:\/\/familie-gerding.net\/?p=1875\" target=\"_blank\" rel=\"noopener noreferrer\">Modellbahn &#8211; Teil 29 &#8211; Modulplanung<\/a><br \/><a href=\"http:\/\/familie-gerding.net\/?p=1881\" target=\"_blank\" rel=\"noopener noreferrer\">Modellbahn &#8211; Teil 30 &#8211; Das \u00dcbergangsmodul<\/a><br \/><a href=\"http:\/\/familie-gerding.net\/?p=1889\" target=\"_blank\" rel=\"noopener noreferrer\">Modellbahn &#8211; Teil 31 &#8211; Modul 1: Spedition I<\/a><br \/><a href=\"http:\/\/familie-gerding.net\/?p=1906\" target=\"_blank\" rel=\"noopener noreferrer\">Modellbahn \u2013 Teil 32 \u2013 Eckmodul 1 (Update: 30.01.2013)<\/a><br \/><a href=\"http:\/\/familie-gerding.net\/?p=1937\" target=\"_blank\" rel=\"noopener noreferrer\">Modellbahn \u2013 Teil 33 \u2013 Umzug und Betriebswerk\/Wendemodul<\/a><br \/><a href=\"http:\/\/familie-gerding.net\/?p=1989\" target=\"_blanke\" rel=\"noopener noreferrer\">Modellbahn \u2013 Teil 34 \u2013 Plan\u00e4nderung\u2026 1100101<\/a><br \/><a href=\"http:\/\/familie-gerding.net\/?p=2058\" target=\"_blank\" rel=\"noopener noreferrer\">Modellbahn &#8211; Teil 35 &#8211; Plan\u00e4nderung 2<\/a><\/p>\n\n\n<p><\/p>\n","protected":false},"excerpt":{"rendered":"<p>Eine meiner Freizeitbesch\u00e4ftigungen ist der Modellbau, genauer gesagt die Modellbahn. Zur Zeit baue ich an einer neuen Anlage in Spur N (Ma\u00dfstab 1:160) und berichte dabei nat\u00fcrlich regelm\u00e4\u00dfig \u00fcber meine Fortschritte hier im Blog (in Wort und Bild, versteht sich). Auf dieser Seite sammle ich deshalb verschiedenen Beitr\u00e4ge, damit man sich leichter von Teil zu [&hellip;]<\/p>\n","protected":false},"author":1,"featured_media":0,"parent":528,"menu_order":0,"comment_status":"open","ping_status":"open","template":"","meta":[],"_links":{"self":[{"href":"http:\/\/familie-gerding.net\/index.php?rest_route=\/wp\/v2\/pages\/2009"}],"collection":[{"href":"http:\/\/familie-gerding.net\/index.php?rest_route=\/wp\/v2\/pages"}],"about":[{"href":"http:\/\/familie-gerding.net\/index.php?rest_route=\/wp\/v2\/types\/page"}],"author":[{"embeddable":true,"href":"http:\/\/familie-gerding.net\/index.php?rest_route=\/wp\/v2\/users\/1"}],"replies":[{"embeddable":true,"href":"http:\/\/familie-gerding.net\/index.php?rest_route=%2Fwp%2Fv2%2Fcomments&post=2009"}],"version-history":[{"count":4,"href":"http:\/\/familie-gerding.net\/index.php?rest_route=\/wp\/v2\/pages\/2009\/revisions"}],"predecessor-version":[{"id":2161,"href":"http:\/\/familie-gerding.net\/index.php?rest_route=\/wp\/v2\/pages\/2009\/revisions\/2161"}],"up":[{"embeddable":true,"href":"http:\/\/familie-gerding.net\/index.php?rest_route=\/wp\/v2\/pages\/528"}],"wp:attachment":[{"href":"http:\/\/familie-gerding.net\/index.php?rest_route=%2Fwp%2Fv2%2Fmedia&parent=2009"}],"curies":[{"name":"wp","href":"https:\/\/api.w.org\/{rel}","templated":true}]}}