{"id":528,"date":"2009-01-26T01:39:10","date_gmt":"2009-01-26T00:39:10","guid":{"rendered":"http:\/\/thomas.is-ac.de\/blog\/?page_id=528"},"modified":"2020-11-12T10:08:47","modified_gmt":"2020-11-12T10:08:47","slug":"modellbahn","status":"publish","type":"page","link":"http:\/\/familie-gerding.net\/?page_id=528","title":{"rendered":"Modellbahn"},"content":{"rendered":"<p>Bereits seit fr\u00fcher Kindheit bin ich mit dem Modellbahnvirus infiziert. Damals bekam ich zu Weihnachten meine erste Eisenbahn geschenkt. Es war eine etwas erweiterte Fleischmann HO Startpackung, die jedoch mit zwei Trafos und zwei Stromkreisen ausgef\u00fchrt war. Das Doppeloval mit Handdrehscheibe und einigen Abstellgleisen auf einer einfachen Platte hielt mich lange Zeit fest. Bis dann die Pubert\u00e4t dem Hobby erstmal ein Ende setzte. Wiederentdeckt habe ich die Modellbahn w\u00e4hrend meines Studiums, jedoch nutzte ich hierf\u00fcr die \u00dcberreste der Arnold Spur-N Anlage meines Vaters, was f\u00fcr mich einfach an der deutlich besseren Raum\u00f6konomie dieser Spurweite lag. Meine Idee war der Bau einer Anlage, die in einen Wohnzimmertisch passen sollte, welchen ich auch selber bauen wollte. Es war meine erste selbstgebaute Anlage&#8230; der Virus war wieder zur\u00fcck. Der Tisch wurde nie gebaut, die Anlage war okay&#8230; aber ich wollte mehr und plante daher eine neue Anlage, die vor allen Dingen die Fehler der ersten Anlage (zu starke Steigungen, zu enge Radien, Landschaftsbau stark verbesserungsw\u00fcrdig&#8230;) vermeiden sollte. Und den Bau dieser Anlage beschreibe ich auf den folgenden Seiten:<\/p>\n<p><a href=\"http:\/\/familie-gerding.net\/?page_id=2009\" target=\"_blank\" rel=\"noopener noreferrer\">1. Bauberichte<\/a><br \/><a href=\"http:\/\/familie-gerding.net\/?page_id=2001\" target=\"_blank\" rel=\"noopener noreferrer\">2. Rollendes Material<\/a><br \/><a href=\"http:\/\/familie-gerding.net\/?page_id=1555\" target=\"_blank\" rel=\"noopener noreferrer\">3. Nur die Bilder (f\u00fcr Lesefaule)<\/a><\/p>\n\n\n<p><\/p>\n","protected":false},"excerpt":{"rendered":"<p>Bereits seit fr\u00fcher Kindheit bin ich mit dem Modellbahnvirus infiziert. Damals bekam ich zu Weihnachten meine erste Eisenbahn geschenkt. Es war eine etwas erweiterte Fleischmann HO Startpackung, die jedoch mit zwei Trafos und zwei Stromkreisen ausgef\u00fchrt war. Das Doppeloval mit Handdrehscheibe und einigen Abstellgleisen auf einer einfachen Platte hielt mich lange Zeit fest. Bis dann [&hellip;]<\/p>\n","protected":false},"author":1,"featured_media":0,"parent":0,"menu_order":0,"comment_status":"open","ping_status":"open","template":"","meta":[],"_links":{"self":[{"href":"http:\/\/familie-gerding.net\/index.php?rest_route=\/wp\/v2\/pages\/528"}],"collection":[{"href":"http:\/\/familie-gerding.net\/index.php?rest_route=\/wp\/v2\/pages"}],"about":[{"href":"http:\/\/familie-gerding.net\/index.php?rest_route=\/wp\/v2\/types\/page"}],"author":[{"embeddable":true,"href":"http:\/\/familie-gerding.net\/index.php?rest_route=\/wp\/v2\/users\/1"}],"replies":[{"embeddable":true,"href":"http:\/\/familie-gerding.net\/index.php?rest_route=%2Fwp%2Fv2%2Fcomments&post=528"}],"version-history":[{"count":59,"href":"http:\/\/familie-gerding.net\/index.php?rest_route=\/wp\/v2\/pages\/528\/revisions"}],"predecessor-version":[{"id":2159,"href":"http:\/\/familie-gerding.net\/index.php?rest_route=\/wp\/v2\/pages\/528\/revisions\/2159"}],"wp:attachment":[{"href":"http:\/\/familie-gerding.net\/index.php?rest_route=%2Fwp%2Fv2%2Fmedia&parent=528"}],"curies":[{"name":"wp","href":"https:\/\/api.w.org\/{rel}","templated":true}]}}